{"id":2090,"date":"2020-03-01T13:38:53","date_gmt":"2020-03-01T12:38:53","guid":{"rendered":"http:\/\/galipo.ch\/home\/?page_id=2090"},"modified":"2021-12-19T23:17:45","modified_gmt":"2021-12-19T22:17:45","slug":"agb","status":"publish","type":"page","link":"https:\/\/galipo.ch\/home\/agb\/","title":{"rendered":"AGB"},"content":{"rendered":"<div class=\"flex_column av_one_full  flex_column_div av-zero-column-padding first  avia-builder-el-0  avia-builder-el-no-sibling  \" style='border-radius:0px; '><section class=\"av_textblock_section \"  itemscope=\"itemscope\" itemtype=\"https:\/\/schema.org\/CreativeWork\" ><div class='avia_textblock  '   itemprop=\"text\" ><blockquote>\n<p>Allgemeine Gesch\u00e4ftsbedingungen Pizzeria da Galipo in Gr\u00e4nichen<\/p>\n<\/blockquote>\n<p><strong><br \/>\nGegenstand und Bestellablauf: <\/strong><br \/>\nVerkauf von Speisen und Getr\u00e4nke f\u00fcr Privatpersonen, Firmen und Veranstaltungen. Bitte geben Sie Ihren Bestellwunsch per Internet auf den daf\u00fcr vorgesehenen Seiten bekannt. Bestellungen k\u00f6nnen auch telefonisch erfolgen. Die bestellten Speisen und Getr\u00e4nke werden durch unsere Kurier zuverl\u00e4ssig zugestellt oder Abholung ab Restaurant Pizzeria da Galipo, Lindenplatz 5, 5722 Gr\u00e4nichen.<br \/>\n<strong>Zahlung: <\/strong><br \/>\nDie Bezahlung kann bei Zustellung oder bei Abholung in Bar erfolgen<br \/>\n<strong>Qualit\u00e4t: <\/strong><br \/>\nRestaurant Pizzeria da Galipo ist sehr darum bem\u00fcht, nur Produkte von bester Qualit\u00e4t zu liefern und die Zusteller sorgen deshalb auch f\u00fcr den bestm\u00f6glichen Transport von Speisen und Getr\u00e4nken. Die Speisen werden nach Eingang der Bestellung zubereitet und in geeigneter, warmhaltender Verpackung durch die Zusteller zu Ihnen gebracht. Sollten Sie dennoch einmal mit der Qualit\u00e4t eines Produktes nicht zufrieden sein, geben Sie uns dies bitte telefonisch bekannt. Bitte pr\u00fcfen Sie die Lieferung unmittelbar beim Erhalt auf Ordnungsm\u00e4\u00dfigkeit und Vollst\u00e4ndigkeit. Beanstandungen sind vom Zusteller zu best\u00e4tigen und uns umgehend mitzuteilen.<br \/>\n<strong>Lieferadresse: <\/strong><br \/>\nOptimale Frische und beste Qualit\u00e4t k\u00f6nnen nur gew\u00e4hrleistet werden, wenn auch die \u00dcbergabe reibungslos erfolgen kann. Bitte sorgen Sie daf\u00fcr, dass Ihre Bestellung, bei der von Ihnen angegebenen Lieferadresse, bei Eintreffen des Zustellers \u00fcbernommen werden kann.<br \/>\n<strong>Jugendschutz:<\/strong><br \/>\nBei Bestellung\/Lieferung von Spirituosen, Tabakwaren oder sonstigen Artikeln, die gesetzlichen Verkaufsbeschr\u00e4nkungen unterliegen, erfolgt eine \u00dcbergabe der Ware nur nach Vorlage des Personalausweises des Kunden.<br \/>\n<strong>Datenschutz:<\/strong><br \/>\nMit der Aufgabe von Bestellungen werden personenbezogene Daten wie Vorname, Name, Anschrift, Postleitzahl, Ort und Telefonnummer usw. erhoben, um die Bestellungen abzuwickeln und den Lieferung der bestellten Waren vornehmen zu k\u00f6nnen. Kundendaten werden ausschlie\u00dflich im Rahmen der geltenden Datenschutzgesetze genutzt und verarbeitet. Sie werden an Dritte nur weitergegeben oder sonst \u00fcbermittelt, wenn dies zum Zwecke der Vertragsabwicklung insbesondere Weitergabe von Bestelldaten an Lieferanten und zu Abrechnungszwecken erforderlich ist oder der Kunde zuvor eingewilligt hat. Die Einwilligung ist jederzeit wiederrufbar. Eine Weitergabe der Daten an Dritte au\u00dferhalb einer Bestellung und Abwicklung ist ausgeschlossen. Gleiches gilt f\u00fcr die Weitergabe an Dritte zu allgemeinen Werbezwecken oder der Markt- und Meinungsforschung ausgeschlossen.<\/p>\n<p><strong>Nutzung: <\/strong><br \/>\nDie Nutzung von www.galipo.ch gilt als Ihre Zustimmung zur Speicherung und Nutzung von Daten durch www.galipo.ch Eventuelle \u00c4nderungen dieser Gesch\u00e4ftsbedingungen werden an dieser Stelle bekanntgegeben und k\u00f6nnen jederzeit von Ihnen eingesehen werden. Die Benutzung von www.galipo.ch wird ohne Garantie in Bezug auf Verf\u00fcgbarkeit gew\u00e4hrt. Bei etwaigen Ausf\u00e4llen des Service, insbesondere bei Ausfall von Internetverbindungen oder sonstigen technischen Problemen, die die Weiterleitung Ihrer Online-Bestellung an www.galipo.ch verhindern oder verz\u00f6gern besteht kein, wie auch immer gearteter, Rechtsanspruch. Die Verwendung von Seiten oder Teilen dieser ist, egal in welcher Form, nur mit ausdr\u00fccklicher schriftlicher Genehmigung von www.galipo.ch gestattet.<\/p>\n<\/div><\/section><\/div>\n","protected":false},"excerpt":{"rendered":"","protected":false},"author":1,"featured_media":0,"parent":0,"menu_order":0,"comment_status":"closed","ping_status":"closed","template":"","meta":[],"_links":{"self":[{"href":"https:\/\/galipo.ch\/home\/wp-json\/wp\/v2\/pages\/2090"}],"collection":[{"href":"https:\/\/galipo.ch\/home\/wp-json\/wp\/v2\/pages"}],"about":[{"href":"https:\/\/galipo.ch\/home\/wp-json\/wp\/v2\/types\/page"}],"author":[{"embeddable":true,"href":"https:\/\/galipo.ch\/home\/wp-json\/wp\/v2\/users\/1"}],"replies":[{"embeddable":true,"href":"https:\/\/galipo.ch\/home\/wp-json\/wp\/v2\/comments?post=2090"}],"version-history":[{"count":3,"href":"https:\/\/galipo.ch\/home\/wp-json\/wp\/v2\/pages\/2090\/revisions"}],"predecessor-version":[{"id":2202,"href":"https:\/\/galipo.ch\/home\/wp-json\/wp\/v2\/pages\/2090\/revisions\/2202"}],"wp:attachment":[{"href":"https:\/\/galipo.ch\/home\/wp-json\/wp\/v2\/media?parent=2090"}],"curies":[{"name":"wp","href":"https:\/\/api.w.org\/{rel}","templated":true}]}}